{"id":4703,"date":"2020-07-28T14:39:17","date_gmt":"2020-07-28T12:39:17","guid":{"rendered":"http:\/\/localhost\/wsb\/feelspa.rs\/?page_id=4703"},"modified":"2020-08-15T23:22:10","modified_gmt":"2020-08-15T21:22:10","slug":"hotelska-kozmetika","status":"publish","type":"page","link":"https:\/\/feels.rs\/?page_id=4703","title":{"rendered":"Hotelska kozmetika"},"content":{"rendered":"\t\t<div data-elementor-type=\"wp-page\" data-elementor-id=\"4703\" class=\"elementor elementor-4703\">\n\t\t\t\t\t\t<div class=\"elementor-inner\">\n\t\t\t\t<div class=\"elementor-section-wrap\">\n\t\t\t\t\t\t\t\t\t<section class=\"elementor-section elementor-top-section elementor-element elementor-element-1bc36b8f elementor-section-boxed elementor-section-height-default elementor-section-height-default\" data-id=\"1bc36b8f\" data-element_type=\"section\" data-settings=\"{&quot;_ha_eqh_enable&quot;:false}\">\n\t\t\t\t\t\t<div class=\"elementor-container elementor-column-gap-default\">\n\t\t\t\t\t\t\t<div class=\"elementor-row\">\n\t\t\t\t\t<div class=\"elementor-column elementor-col-100 elementor-top-column elementor-element elementor-element-48d8af20\" data-id=\"48d8af20\" data-element_type=\"column\">\n\t\t\t<div class=\"elementor-column-wrap elementor-element-populated\">\n\t\t\t\t\t\t\t<div class=\"elementor-widget-wrap\">\n\t\t\t\t\t\t<div class=\"elementor-element elementor-element-39b9dde elementor-widget elementor-widget-image\" data-id=\"39b9dde\" data-element_type=\"widget\" data-widget_type=\"image.default\">\n\t\t\t\t<div class=\"elementor-widget-container\">\n\t\t\t\t\t\t\t\t<div class=\"elementor-image\">\n\t\t\t\t\t\t\t\t\t\t\t\t<img decoding=\"async\" width=\"800\" height=\"271\" src=\"https:\/\/feels.rs\/wp-content\/uploads\/2020\/08\/1180X400-HOTELSKA-KOZMETIKA-1024x347.jpg\" class=\"attachment-large size-large\" alt=\"\" loading=\"lazy\" srcset=\"https:\/\/feels.rs\/wp-content\/uploads\/2020\/08\/1180X400-HOTELSKA-KOZMETIKA-1024x347.jpg 1024w, https:\/\/feels.rs\/wp-content\/uploads\/2020\/08\/1180X400-HOTELSKA-KOZMETIKA-300x102.jpg 300w, https:\/\/feels.rs\/wp-content\/uploads\/2020\/08\/1180X400-HOTELSKA-KOZMETIKA-768x260.jpg 768w, https:\/\/feels.rs\/wp-content\/uploads\/2020\/08\/1180X400-HOTELSKA-KOZMETIKA-600x203.jpg 600w, https:\/\/feels.rs\/wp-content\/uploads\/2020\/08\/1180X400-HOTELSKA-KOZMETIKA.jpg 1180w\" sizes=\"(max-width: 800px) 100vw, 800px\" \/>\t\t\t\t\t\t\t\t\t\t\t\t\t\t<\/div>\n\t\t\t\t\t\t<\/div>\n\t\t\t\t<\/div>\n\t\t\t\t\t\t<\/div>\n\t\t\t\t\t<\/div>\n\t\t<\/div>\n\t\t\t\t\t\t\t\t<\/div>\n\t\t\t\t\t<\/div>\n\t\t<\/section>\n\t\t\t\t<section class=\"elementor-section elementor-top-section elementor-element elementor-element-23db079e elementor-section-boxed elementor-section-height-default elementor-section-height-default\" data-id=\"23db079e\" data-element_type=\"section\" data-settings=\"{&quot;_ha_eqh_enable&quot;:false}\">\n\t\t\t\t\t\t<div class=\"elementor-container elementor-column-gap-default\">\n\t\t\t\t\t\t\t<div class=\"elementor-row\">\n\t\t\t\t\t<div class=\"elementor-column elementor-col-100 elementor-top-column elementor-element elementor-element-2498ad5f\" data-id=\"2498ad5f\" data-element_type=\"column\">\n\t\t\t<div class=\"elementor-column-wrap elementor-element-populated\">\n\t\t\t\t\t\t\t<div class=\"elementor-widget-wrap\">\n\t\t\t\t\t\t<div class=\"elementor-element elementor-element-64a3a813 elementor-widget elementor-widget-text-editor\" data-id=\"64a3a813\" data-element_type=\"widget\" data-widget_type=\"text-editor.default\">\n\t\t\t\t<div class=\"elementor-widget-container\">\n\t\t\t\t\t\t\t\t<div class=\"elementor-text-editor elementor-clearfix\">\n\t\t\t\t<h6 class=\"elementor-heading-title elementor-size-default elementor-inline-editing pen\" contenteditable=\"true\" data-elementor-setting-key=\"title\" data-pen-placeholder=\"Upi\u0161i ovdje...\"><span style=\"color: #606060;\">ALLEGRINI HOTELSKA KOZMETIKA<\/span><br \/><span style=\"color: #606060;\">&#8230;luksuzan italijanski brend\u2026<\/span><\/h6>\t\t\t\t\t<\/div>\n\t\t\t\t\t\t<\/div>\n\t\t\t\t<\/div>\n\t\t\t\t<div class=\"elementor-element elementor-element-4668e82b elementor-widget elementor-widget-text-editor\" data-id=\"4668e82b\" data-element_type=\"widget\" data-widget_type=\"text-editor.default\">\n\t\t\t\t<div class=\"elementor-widget-container\">\n\t\t\t\t\t\t\t\t<div class=\"elementor-text-editor elementor-clearfix\">\n\t\t\t\t<p>Luksuzna profesionalna linija hotelske kozmetike. Brend kozmetike je jedan od najzatupljenijih na evropskom tr\u017ei\u0161tu. Kvalitet i dizajn su inspirisani mistic\u030cnom atmosferom Maroka, pustinjskom vrelinom i plemenito\u0161c\u0301u zlata kao simbola moc\u0301i i luksuza. Proizvodi sadrz\u030ce 100% organsko ulje argana koje slovi za prirodni \u201celiksir lepote\u201d ko\u017ee. Sa proizvodima iz Argan Source linije nega tela pretvara se u opu\u0161taju\u0107i i aromati\u010dni do\u017eivljaj za goste hotela.<\/p><p>Postoje male bo\u010dice od 32 ml i hotelski dispenzeri od 300 ml i 500 ml.\u00a0<\/p><p>Reference u Srbiji: Hotel Hyatt Regency, Premier Aqua F. Gora, Galerija Subotica, Mona Plaza Beograd, Mona Zlatibor, VIP Casa Zlatibor, Buket Zlatibor, Pegaz V. Banja, Nota Beograd itd. <\/p>\t\t\t\t\t<\/div>\n\t\t\t\t\t\t<\/div>\n\t\t\t\t<\/div>\n\t\t\t\t\t\t<\/div>\n\t\t\t\t\t<\/div>\n\t\t<\/div>\n\t\t\t\t\t\t\t\t<\/div>\n\t\t\t\t\t<\/div>\n\t\t<\/section>\n\t\t\t\t<section class=\"elementor-section elementor-top-section elementor-element elementor-element-16f02115 elementor-section-boxed elementor-section-height-default elementor-section-height-default\" data-id=\"16f02115\" data-element_type=\"section\" data-settings=\"{&quot;_ha_eqh_enable&quot;:false}\">\n\t\t\t\t\t\t<div class=\"elementor-container elementor-column-gap-default\">\n\t\t\t\t\t\t\t<div class=\"elementor-row\">\n\t\t\t\t\t<div class=\"elementor-column elementor-col-100 elementor-top-column elementor-element elementor-element-654bcf4f\" data-id=\"654bcf4f\" data-element_type=\"column\">\n\t\t\t<div class=\"elementor-column-wrap elementor-element-populated\">\n\t\t\t\t\t\t\t<div class=\"elementor-widget-wrap\">\n\t\t\t\t\t\t<div class=\"elementor-element elementor-element-2123187d elementor-widget elementor-widget-heading\" data-id=\"2123187d\" data-element_type=\"widget\" data-widget_type=\"heading.default\">\n\t\t\t\t<div class=\"elementor-widget-container\">\n\t\t\t<h5 class=\"elementor-heading-title elementor-size-default\">VRSTE PROIZVODA<\/h5>\t\t<\/div>\n\t\t\t\t<\/div>\n\t\t\t\t<div class=\"elementor-element elementor-element-3d3c695 elementor-widget-divider--view-line elementor-widget elementor-widget-divider\" data-id=\"3d3c695\" data-element_type=\"widget\" data-widget_type=\"divider.default\">\n\t\t\t\t<div class=\"elementor-widget-container\">\n\t\t\t\t\t<div class=\"elementor-divider\">\n\t\t\t<span class=\"elementor-divider-separator\">\n\t\t\t\t\t\t<\/span>\n\t\t<\/div>\n\t\t\t\t<\/div>\n\t\t\t\t<\/div>\n\t\t\t\t\t\t<\/div>\n\t\t\t\t\t<\/div>\n\t\t<\/div>\n\t\t\t\t\t\t\t\t<\/div>\n\t\t\t\t\t<\/div>\n\t\t<\/section>\n\t\t\t\t<section class=\"elementor-section elementor-top-section elementor-element elementor-element-564f644 elementor-section-boxed elementor-section-height-default elementor-section-height-default\" data-id=\"564f644\" data-element_type=\"section\" data-settings=\"{&quot;_ha_eqh_enable&quot;:false}\">\n\t\t\t\t\t\t<div class=\"elementor-container elementor-column-gap-default\">\n\t\t\t\t\t\t\t<div class=\"elementor-row\">\n\t\t\t\t\t<div class=\"elementor-column elementor-col-100 elementor-top-column elementor-element elementor-element-1bcaf783\" data-id=\"1bcaf783\" data-element_type=\"column\">\n\t\t\t<div class=\"elementor-column-wrap\">\n\t\t\t\t\t\t\t<div class=\"elementor-widget-wrap\">\n\t\t\t\t\t\t\t\t<\/div>\n\t\t\t\t\t<\/div>\n\t\t<\/div>\n\t\t\t\t\t\t\t\t<\/div>\n\t\t\t\t\t<\/div>\n\t\t<\/section>\n\t\t\t\t<section class=\"elementor-section elementor-top-section elementor-element elementor-element-cd08110 elementor-section-boxed elementor-section-height-default elementor-section-height-default\" data-id=\"cd08110\" data-element_type=\"section\" data-settings=\"{&quot;_ha_eqh_enable&quot;:false}\">\n\t\t\t\t\t\t<div class=\"elementor-container elementor-column-gap-default\">\n\t\t\t\t\t\t\t<div class=\"elementor-row\">\n\t\t\t\t\t<div class=\"elementor-column elementor-col-100 elementor-top-column elementor-element elementor-element-9c08afd\" data-id=\"9c08afd\" data-element_type=\"column\">\n\t\t\t<div class=\"elementor-column-wrap elementor-element-populated\">\n\t\t\t\t\t\t\t<div class=\"elementor-widget-wrap\">\n\t\t\t\t\t\t\t\t<\/div>\n\t\t\t\t\t<\/div>\n\t\t<\/div>\n\t\t\t\t\t\t\t\t<\/div>\n\t\t\t\t\t<\/div>\n\t\t<\/section>\n\t\t\t\t<section class=\"elementor-section elementor-top-section elementor-element elementor-element-203ae42e elementor-section-boxed elementor-section-height-default elementor-section-height-default\" data-id=\"203ae42e\" data-element_type=\"section\" data-settings=\"{&quot;_ha_eqh_enable&quot;:false}\">\n\t\t\t\t\t\t<div class=\"elementor-container elementor-column-gap-default\">\n\t\t\t\t\t\t\t<div class=\"elementor-row\">\n\t\t\t\t\t<div class=\"elementor-column elementor-col-100 elementor-top-column elementor-element elementor-element-1774f6fb\" data-id=\"1774f6fb\" data-element_type=\"column\">\n\t\t\t<div class=\"elementor-column-wrap elementor-element-populated\">\n\t\t\t\t\t\t\t<div class=\"elementor-widget-wrap\">\n\t\t\t\t\t\t<div class=\"elementor-element elementor-element-10009da4 elementor-widget-divider--view-line elementor-widget elementor-widget-divider\" data-id=\"10009da4\" data-element_type=\"widget\" data-widget_type=\"divider.default\">\n\t\t\t\t<div class=\"elementor-widget-container\">\n\t\t\t\t\t<div class=\"elementor-divider\">\n\t\t\t<span class=\"elementor-divider-separator\">\n\t\t\t\t\t\t<\/span>\n\t\t<\/div>\n\t\t\t\t<\/div>\n\t\t\t\t<\/div>\n\t\t\t\t\t\t<\/div>\n\t\t\t\t\t<\/div>\n\t\t<\/div>\n\t\t\t\t\t\t\t\t<\/div>\n\t\t\t\t\t<\/div>\n\t\t<\/section>\n\t\t\t\t<section class=\"elementor-section elementor-top-section elementor-element elementor-element-78ea96a9 elementor-section-boxed elementor-section-height-default elementor-section-height-default\" data-id=\"78ea96a9\" data-element_type=\"section\" data-settings=\"{&quot;_ha_eqh_enable&quot;:false}\">\n\t\t\t\t\t\t<div class=\"elementor-container elementor-column-gap-default\">\n\t\t\t\t\t\t\t<div class=\"elementor-row\">\n\t\t\t\t\t<div class=\"elementor-column elementor-col-100 elementor-top-column elementor-element elementor-element-35648f48\" data-id=\"35648f48\" data-element_type=\"column\">\n\t\t\t<div class=\"elementor-column-wrap elementor-element-populated\">\n\t\t\t\t\t\t\t<div class=\"elementor-widget-wrap\">\n\t\t\t\t\t\t<div class=\"elementor-element elementor-element-286353ab elementor-widget elementor-widget-heading\" data-id=\"286353ab\" data-element_type=\"widget\" data-widget_type=\"heading.default\">\n\t\t\t\t<div class=\"elementor-widget-container\">\n\t\t\t<h6 class=\"elementor-heading-title elementor-size-default\">O BRENDU ALLEGRINI<\/h6>\t\t<\/div>\n\t\t\t\t<\/div>\n\t\t\t\t<div class=\"elementor-element elementor-element-5feb23ac elementor-widget elementor-widget-text-editor\" data-id=\"5feb23ac\" data-element_type=\"widget\" data-widget_type=\"text-editor.default\">\n\t\t\t\t<div class=\"elementor-widget-container\">\n\t\t\t\t\t\t\t\t<div class=\"elementor-text-editor elementor-clearfix\">\n\t\t\t\t<p>Allegrini je renomirani italijanski brend specijalizovan u proizvodnji hotelske kozmetike i ambijentalnih osve\u017eiva\u010da za prostorije. Iza njega stoji 75 godina ekspertize u proizvodnji kozmetike za hotele i proizvodnji osve\u017eivac\u030ca prostora vrhunsog kvalitrata baziranih na prirodnim aktivnim supstancama. Brend je zastupljen na 3 kontinenta, preko 40 zemalja sveta i preko 100.000 objekata \u0161irom sveta. U postrojenjima Allegrini kompanije prosec\u030cno se godi\u0161nje proizvede vi\u0161e od 85 miliona boca kozmetike. Proizvodnja Allegrini proizvoda u potpunosti je u skladu sa na\u010delima odr\u017eivog razvoja, kroz jedinstven Allegrini \u201cGO GREEN\u201d projekat. Allegrini je ujendo nosilac ISO22716 standarda za dobru proizvo\u0111ac\u030cku praksu i prirodne supstance.<\/p>\t\t\t\t\t<\/div>\n\t\t\t\t\t\t<\/div>\n\t\t\t\t<\/div>\n\t\t\t\t\t\t<\/div>\n\t\t\t\t\t<\/div>\n\t\t<\/div>\n\t\t\t\t\t\t\t\t<\/div>\n\t\t\t\t\t<\/div>\n\t\t<\/section>\n\t\t\t\t<section class=\"elementor-section elementor-top-section elementor-element elementor-element-8dda0e1 elementor-section-boxed elementor-section-height-default elementor-section-height-default\" data-id=\"8dda0e1\" data-element_type=\"section\" data-settings=\"{&quot;_ha_eqh_enable&quot;:false}\">\n\t\t\t\t\t\t<div class=\"elementor-container elementor-column-gap-default\">\n\t\t\t\t\t\t\t<div class=\"elementor-row\">\n\t\t\t\t\t<div class=\"elementor-column elementor-col-100 elementor-top-column elementor-element elementor-element-7b1328eb\" data-id=\"7b1328eb\" data-element_type=\"column\">\n\t\t\t<div class=\"elementor-column-wrap elementor-element-populated\">\n\t\t\t\t\t\t\t<div class=\"elementor-widget-wrap\">\n\t\t\t\t\t\t<div class=\"elementor-element elementor-element-22c38919 elementor-widget elementor-widget-heading\" data-id=\"22c38919\" data-element_type=\"widget\" data-widget_type=\"heading.default\">\n\t\t\t\t<div class=\"elementor-widget-container\">\n\t\t\t<h6 class=\"elementor-heading-title elementor-size-default\">DISPENZERI vs KUPKE U BO\u010cICAMA OD 30 ML<\/h6>\t\t<\/div>\n\t\t\t\t<\/div>\n\t\t\t\t<div class=\"elementor-element elementor-element-3dc14b8 elementor-widget elementor-widget-text-editor\" data-id=\"3dc14b8\" data-element_type=\"widget\" data-widget_type=\"text-editor.default\">\n\t\t\t\t<div class=\"elementor-widget-container\">\n\t\t\t\t\t\t\t\t<div class=\"elementor-text-editor elementor-clearfix\">\n\t\t\t\t<p>Osnovne prednosti dispenzera su:<\/p><p>Zna\u010dajne u\u0161tede<br \/>Manje posla za sektor doma\u0107instva (housekeeping)<br \/>Higijenski zatvoren sistem koji onemogu\u0107ava preno\u0161enje bakterija<br \/>Zaklju\u010dani dr\u017ea\u010di koji spre\u010davaju odno\u0161enje proizvoda<br \/>\u201eMade in Italy\u201c je najbolja referenca elegantnog dizajna, mirisne note i<br \/>kvaliteta<\/p><p>Istra\u017eivanje u EU:<\/p><p>Prose\u010dna potro\u0161nja u slu\u010daju dispenzera na bazi analize 100.000 soba u EU<br \/>je od 20 ml minimalno do 30 ml maksimalno po danu po gostu<\/p><ul><li>Prose\u010dna potro\u0161nja po gostu malih bo\u010dica je 2 komada po danu po<br \/>gostu (Ako se ide na male bo\u010dice kupuje se gel za tu\u0161iranje \u0161ampon za<br \/>kosu). Potro\u0161anja podrazumeva kori\u0161\u0107enje kupki u toku boravka i<br \/>\u010dinjenice da 60% gostiju ponese sa sobom bo\u010dice. Ovo je istra\u017eivanje<br \/>EU na bazi 100.000 soba<\/li><li><strong>Cene po 1 ml kupke u dispenzerima su ni\u017ee za minimalno 50% tako<\/strong><br \/><strong>da je kona\u010dna kalkulacija &#8211; U\u0160TEDA MINIMALNO 100% za isti<\/strong><br \/><strong>kvalitet sadr\u017eaja<\/strong><\/li><li><strong>Holeli koji koriste jeftinije kupke u malim bocama od 30 ml mogu<\/strong><br \/><strong>da nabave dispenzere koji imaju kvalitetniju kupku, unaprede<\/strong><br \/><strong>kvalitet i zadovljstvo gostiju i generi\u0161u u\u0161tedu od 50%.<\/strong><\/li><\/ul>\t\t\t\t\t<\/div>\n\t\t\t\t\t\t<\/div>\n\t\t\t\t<\/div>\n\t\t\t\t\t\t<\/div>\n\t\t\t\t\t<\/div>\n\t\t<\/div>\n\t\t\t\t\t\t\t\t<\/div>\n\t\t\t\t\t<\/div>\n\t\t<\/section>\n\t\t\t\t\t\t\t\t\t<\/div>\n\t\t\t<\/div>\n\t\t\t\t\t<\/div>\n\t\t","protected":false},"excerpt":{"rendered":"<p>ALLEGRINI HOTELSKA KOZMETIKA&#8230;luksuzan italijanski brend\u2026 Luksuzna profesionalna linija hotelske kozmetike. Brend kozmetike je jedan od najzatupljenijih na evropskom tr\u017ei\u0161tu. Kvalitet i dizajn su inspirisani mistic\u030cnom atmosferom Maroka, pustinjskom vrelinom i plemenito\u0161c\u0301u zlata kao simbola moc\u0301i i luksuza. Proizvodi sadrz\u030ce 100% organsko ulje argana koje slovi za prirodni \u201celiksir lepote\u201d ko\u017ee. Sa proizvodima iz Argan Source [&hellip;]<\/p>\n","protected":false},"author":1,"featured_media":0,"parent":0,"menu_order":0,"comment_status":"closed","ping_status":"closed","template":"elementor_header_footer","meta":{"_mi_skip_tracking":false},"acf":[],"_links":{"self":[{"href":"https:\/\/feels.rs\/index.php?rest_route=\/wp\/v2\/pages\/4703"}],"collection":[{"href":"https:\/\/feels.rs\/index.php?rest_route=\/wp\/v2\/pages"}],"about":[{"href":"https:\/\/feels.rs\/index.php?rest_route=\/wp\/v2\/types\/page"}],"author":[{"embeddable":true,"href":"https:\/\/feels.rs\/index.php?rest_route=\/wp\/v2\/users\/1"}],"replies":[{"embeddable":true,"href":"https:\/\/feels.rs\/index.php?rest_route=%2Fwp%2Fv2%2Fcomments&post=4703"}],"version-history":[{"count":18,"href":"https:\/\/feels.rs\/index.php?rest_route=\/wp\/v2\/pages\/4703\/revisions"}],"predecessor-version":[{"id":4839,"href":"https:\/\/feels.rs\/index.php?rest_route=\/wp\/v2\/pages\/4703\/revisions\/4839"}],"wp:attachment":[{"href":"https:\/\/feels.rs\/index.php?rest_route=%2Fwp%2Fv2%2Fmedia&parent=4703"}],"curies":[{"name":"wp","href":"https:\/\/api.w.org\/{rel}","templated":true}]}}