{"id":2945,"date":"2020-04-28T13:06:04","date_gmt":"2020-04-28T11:06:04","guid":{"rendered":"http:\/\/localhost\/wsb\/feelspa.rs\/?product=bademovo-masazno-ulje"},"modified":"2020-10-05T11:33:15","modified_gmt":"2020-10-05T09:33:15","slug":"bademovo-masazno-ulje","status":"publish","type":"product","link":"https:\/\/feels.rs\/?product=bademovo-masazno-ulje","title":{"rendered":"Bademovo ulje (1l)"},"content":{"rendered":"","protected":false},"excerpt":{"rendered":"<p>Proizvod je brenda Aroma Herbal. Aroma Herbal je slovena\u010dki brend \u010diji je portfolio proizvoda namenjen modernim banjskim, hotelskim i gradskim wellness centrima. Svi Aroma Herbal proizvodi 100% su prirodni, sa pa\u017eljivo biranim aktivnim supstancama, teksturama i originalnim formulacijama. Unutar Aroma Herbala postoji \u0161irok spektar razli\u010ditih proizvoda za masa\u017ee i ritualne tretmane, kao i jedinstven program za negu u parnim kupatilima i saunama. Brojne arome i vi\u0161estruke namene omogu\u0107avaju kreiranje bogatih i jedinstvenih tretmana i rituala.<\/p>\n","protected":false},"featured_media":3473,"comment_status":"open","ping_status":"closed","template":"","meta":{"_mi_skip_tracking":false},"product_cat":[260,241],"product_tag":[],"acf":[],"_links":{"self":[{"href":"https:\/\/feels.rs\/index.php?rest_route=\/wp\/v2\/product\/2945"}],"collection":[{"href":"https:\/\/feels.rs\/index.php?rest_route=\/wp\/v2\/product"}],"about":[{"href":"https:\/\/feels.rs\/index.php?rest_route=\/wp\/v2\/types\/product"}],"replies":[{"embeddable":true,"href":"https:\/\/feels.rs\/index.php?rest_route=%2Fwp%2Fv2%2Fcomments&post=2945"}],"version-history":[{"count":5,"href":"https:\/\/feels.rs\/index.php?rest_route=\/wp\/v2\/product\/2945\/revisions"}],"predecessor-version":[{"id":4967,"href":"https:\/\/feels.rs\/index.php?rest_route=\/wp\/v2\/product\/2945\/revisions\/4967"}],"wp:featuredmedia":[{"embeddable":true,"href":"https:\/\/feels.rs\/index.php?rest_route=\/wp\/v2\/media\/3473"}],"wp:attachment":[{"href":"https:\/\/feels.rs\/index.php?rest_route=%2Fwp%2Fv2%2Fmedia&parent=2945"}],"wp:term":[{"taxonomy":"product_cat","embeddable":true,"href":"https:\/\/feels.rs\/index.php?rest_route=%2Fwp%2Fv2%2Fproduct_cat&post=2945"},{"taxonomy":"product_tag","embeddable":true,"href":"https:\/\/feels.rs\/index.php?rest_route=%2Fwp%2Fv2%2Fproduct_tag&post=2945"}],"curies":[{"name":"wp","href":"https:\/\/api.w.org\/{rel}","templated":true}]}}