{"id":2982,"date":"2020-04-28T13:57:26","date_gmt":"2020-04-28T11:57:26","guid":{"rendered":"http:\/\/localhost\/wsb\/feelspa.rs\/?product=kremno-pakovanje-za-zrelu-kozu-sa-ruzom-i-jasminom"},"modified":"2020-07-25T17:12:54","modified_gmt":"2020-07-25T15:12:54","slug":"kremno-pakovanje-za-zrelu-kozu-sa-ruzom-i-jasminom","status":"publish","type":"product","link":"https:\/\/feels.rs\/?product=kremno-pakovanje-za-zrelu-kozu-sa-ruzom-i-jasminom","title":{"rendered":"Anti age maska"},"content":{"rendered":"","protected":false},"excerpt":{"rendered":"<p>Proizvod je brenda Aroma Herbal. Aroma Herbal je slovena\u010dki brend \u010diji je portfolio proizvoda namenjen modernim banjskim, hotelskim i gradskim wellness centrima. Svi Aroma Herbal proizvodi 100% su prirodni, sa pa\u017eljivo biranim aktivnim supstancama, teksturama i originalnim formulacijama. Unutar Aroma Herbala postoji \u0161irok spektar razli\u010ditih proizvoda za masa\u017ee i ritualne tretmane, kao i jedinstven program za negu u parnim kupatilima i saunama. Brojne arome i vi\u0161estruke namene omogu\u0107avaju kreiranje bogatih i jedinstvenih tretmana i rituala.<\/p>\n","protected":false},"featured_media":3625,"comment_status":"open","ping_status":"closed","template":"","meta":{"_mi_skip_tracking":false},"product_cat":[260,243],"product_tag":[],"acf":[],"_links":{"self":[{"href":"https:\/\/feels.rs\/index.php?rest_route=\/wp\/v2\/product\/2982"}],"collection":[{"href":"https:\/\/feels.rs\/index.php?rest_route=\/wp\/v2\/product"}],"about":[{"href":"https:\/\/feels.rs\/index.php?rest_route=\/wp\/v2\/types\/product"}],"replies":[{"embeddable":true,"href":"https:\/\/feels.rs\/index.php?rest_route=%2Fwp%2Fv2%2Fcomments&post=2982"}],"version-history":[{"count":3,"href":"https:\/\/feels.rs\/index.php?rest_route=\/wp\/v2\/product\/2982\/revisions"}],"predecessor-version":[{"id":4469,"href":"https:\/\/feels.rs\/index.php?rest_route=\/wp\/v2\/product\/2982\/revisions\/4469"}],"wp:featuredmedia":[{"embeddable":true,"href":"https:\/\/feels.rs\/index.php?rest_route=\/wp\/v2\/media\/3625"}],"wp:attachment":[{"href":"https:\/\/feels.rs\/index.php?rest_route=%2Fwp%2Fv2%2Fmedia&parent=2982"}],"wp:term":[{"taxonomy":"product_cat","embeddable":true,"href":"https:\/\/feels.rs\/index.php?rest_route=%2Fwp%2Fv2%2Fproduct_cat&post=2982"},{"taxonomy":"product_tag","embeddable":true,"href":"https:\/\/feels.rs\/index.php?rest_route=%2Fwp%2Fv2%2Fproduct_tag&post=2982"}],"curies":[{"name":"wp","href":"https:\/\/api.w.org\/{rel}","templated":true}]}}