{"id":3010,"date":"2020-04-28T15:05:47","date_gmt":"2020-04-28T13:05:47","guid":{"rendered":"http:\/\/localhost\/wsb\/feelspa.rs\/?product=piling-sa-mentom"},"modified":"2020-07-25T17:12:56","modified_gmt":"2020-07-25T15:12:56","slug":"piling-sa-mentom","status":"publish","type":"product","link":"https:\/\/feels.rs\/?product=piling-sa-mentom","title":{"rendered":"Spearmint piling"},"content":{"rendered":"","protected":false},"excerpt":{"rendered":"<p>Proizvod je brenda Aroma Herbal. Aroma Herbal je slovena\u010dki brend \u010diji je portfolio proizvoda namenjen modernim banjskim, hotelskim i gradskim wellness centrima. Svi Aroma Herbal proizvodi 100% su prirodni, sa pa\u017eljivo biranim aktivnim supstancama, teksturama i originalnim formulacijama. Unutar Aroma Herbala postoji \u0161irok spektar razli\u010ditih proizvoda za masa\u017ee i ritualne tretmane, kao i jedinstven program za negu u parnim kupatilima i saunama. Brojne arome i vi\u0161estruke namene omogu\u0107avaju kreiranje bogatih i jedinstvenih tretmana i rituala.<\/p>\n","protected":false},"featured_media":3465,"comment_status":"open","ping_status":"closed","template":"","meta":{"_mi_skip_tracking":false},"product_cat":[260,251],"product_tag":[],"acf":[],"_links":{"self":[{"href":"https:\/\/feels.rs\/index.php?rest_route=\/wp\/v2\/product\/3010"}],"collection":[{"href":"https:\/\/feels.rs\/index.php?rest_route=\/wp\/v2\/product"}],"about":[{"href":"https:\/\/feels.rs\/index.php?rest_route=\/wp\/v2\/types\/product"}],"replies":[{"embeddable":true,"href":"https:\/\/feels.rs\/index.php?rest_route=%2Fwp%2Fv2%2Fcomments&post=3010"}],"version-history":[{"count":3,"href":"https:\/\/feels.rs\/index.php?rest_route=\/wp\/v2\/product\/3010\/revisions"}],"predecessor-version":[{"id":4487,"href":"https:\/\/feels.rs\/index.php?rest_route=\/wp\/v2\/product\/3010\/revisions\/4487"}],"wp:featuredmedia":[{"embeddable":true,"href":"https:\/\/feels.rs\/index.php?rest_route=\/wp\/v2\/media\/3465"}],"wp:attachment":[{"href":"https:\/\/feels.rs\/index.php?rest_route=%2Fwp%2Fv2%2Fmedia&parent=3010"}],"wp:term":[{"taxonomy":"product_cat","embeddable":true,"href":"https:\/\/feels.rs\/index.php?rest_route=%2Fwp%2Fv2%2Fproduct_cat&post=3010"},{"taxonomy":"product_tag","embeddable":true,"href":"https:\/\/feels.rs\/index.php?rest_route=%2Fwp%2Fv2%2Fproduct_tag&post=3010"}],"curies":[{"name":"wp","href":"https:\/\/api.w.org\/{rel}","templated":true}]}}