{"id":3427,"date":"2020-05-05T20:04:04","date_gmt":"2020-05-05T18:04:04","guid":{"rendered":"http:\/\/localhost\/wsb\/feelspa.rs\/?post_type=product&#038;p=3427"},"modified":"2020-10-05T11:39:54","modified_gmt":"2020-10-05T09:39:54","slug":"si-buter-za-masazu-1l","status":"publish","type":"product","link":"https:\/\/feels.rs\/?product=si-buter-za-masazu-1l","title":{"rendered":"\u0160i buter za masa\u017eu (1l)"},"content":{"rendered":"","protected":false},"excerpt":{"rendered":"<p>Proizvod je brenda Aroma Herbal. Aroma Herbal je slovena\u010dki brend \u010diji je portfolio proizvoda namenjen modernim banjskim, hotelskim i gradskim wellness centrima. Svi Aroma Herbal proizvodi 100% su prirodni, sa pa\u017eljivo biranim aktivnim supstancama, teksturama i originalnim formulacijama. Unutar Aroma Herbala postoji \u0161irok spektar razli\u010ditih proizvoda za masa\u017ee i ritualne tretmane, kao i jedinstven program za negu u parnim kupatilima i saunama. Brojne arome i vi\u0161estruke namene omogu\u0107avaju kreiranje bogatih i jedinstvenih tretmana i rituala.<\/p>\n","protected":false},"featured_media":3420,"comment_status":"open","ping_status":"closed","template":"","meta":{"_mi_skip_tracking":false},"product_cat":[260,244],"product_tag":[],"acf":[],"_links":{"self":[{"href":"https:\/\/feels.rs\/index.php?rest_route=\/wp\/v2\/product\/3427"}],"collection":[{"href":"https:\/\/feels.rs\/index.php?rest_route=\/wp\/v2\/product"}],"about":[{"href":"https:\/\/feels.rs\/index.php?rest_route=\/wp\/v2\/types\/product"}],"replies":[{"embeddable":true,"href":"https:\/\/feels.rs\/index.php?rest_route=%2Fwp%2Fv2%2Fcomments&post=3427"}],"version-history":[{"count":3,"href":"https:\/\/feels.rs\/index.php?rest_route=\/wp\/v2\/product\/3427\/revisions"}],"predecessor-version":[{"id":4499,"href":"https:\/\/feels.rs\/index.php?rest_route=\/wp\/v2\/product\/3427\/revisions\/4499"}],"wp:featuredmedia":[{"embeddable":true,"href":"https:\/\/feels.rs\/index.php?rest_route=\/wp\/v2\/media\/3420"}],"wp:attachment":[{"href":"https:\/\/feels.rs\/index.php?rest_route=%2Fwp%2Fv2%2Fmedia&parent=3427"}],"wp:term":[{"taxonomy":"product_cat","embeddable":true,"href":"https:\/\/feels.rs\/index.php?rest_route=%2Fwp%2Fv2%2Fproduct_cat&post=3427"},{"taxonomy":"product_tag","embeddable":true,"href":"https:\/\/feels.rs\/index.php?rest_route=%2Fwp%2Fv2%2Fproduct_tag&post=3427"}],"curies":[{"name":"wp","href":"https:\/\/api.w.org\/{rel}","templated":true}]}}