{"id":4274,"date":"2020-06-20T13:18:02","date_gmt":"2020-06-20T11:18:02","guid":{"rendered":"http:\/\/localhost\/wsb\/feelspa.rs\/?product=anuhea-fico-del-mediterraneo"},"modified":"2020-08-15T20:56:48","modified_gmt":"2020-08-15T18:56:48","slug":"anuhea-fico-del-mediterraneo","status":"publish","type":"product","link":"https:\/\/feels.rs\/?product=anuhea-fico-del-mediterraneo","title":{"rendered":"Anuhea FICO DEL MEDITERRANEO"},"content":{"rendered":"","protected":false},"excerpt":{"rendered":"<p>Proizvod je brenda Allegrini. Allegrini je renomirani italijanski brend specijalizovan za proizvodnju prirodne hotelske kozmetike i ambijentalnih osve\u017eiva\u010da za prostorije visokog kvaliteta. Iza njega stoji 75 godina ekspertize u proizvodnji proizvoda vrhunskog kvaliteta baziranih na prirodnim aktivnim supstancama. Brend je zastupljen na 3 kontinenta u preko 50 zemalja i preko 300.000 objekata. Jedan je od tri vode\u0107a brenda u Evropi u proizvodnji hotelske kozmetike i ambijentalnih osve\u017eiva\u010da. Allegrini kompanija godi\u0161nje proizvede vi\u0161e od 85 miliona boca kozmetike i ambijentalnih osve\u017eiva\u010da. Proizvodnja Allegrini proizvoda u potpunosti je u skladu sa na\u010delima odr\u017eivog razvoja u bazira se na primeni jedinstvenog Allegrini \u201cGO GREEN\u201d projekta. Allegrini je dobitnik nagrade za uspe\u0161nu implementaciju ISO22716 standarda za dobru poslovnu praksu i kori\u0161\u0107enje 100% prirodnih supstanci u proizvodnji.<\/p>\n","protected":false},"featured_media":4286,"comment_status":"open","ping_status":"closed","template":"","meta":{"_mi_skip_tracking":false},"product_cat":[290,257],"product_tag":[],"acf":[],"_links":{"self":[{"href":"https:\/\/feels.rs\/index.php?rest_route=\/wp\/v2\/product\/4274"}],"collection":[{"href":"https:\/\/feels.rs\/index.php?rest_route=\/wp\/v2\/product"}],"about":[{"href":"https:\/\/feels.rs\/index.php?rest_route=\/wp\/v2\/types\/product"}],"replies":[{"embeddable":true,"href":"https:\/\/feels.rs\/index.php?rest_route=%2Fwp%2Fv2%2Fcomments&post=4274"}],"version-history":[{"count":4,"href":"https:\/\/feels.rs\/index.php?rest_route=\/wp\/v2\/product\/4274\/revisions"}],"predecessor-version":[{"id":4761,"href":"https:\/\/feels.rs\/index.php?rest_route=\/wp\/v2\/product\/4274\/revisions\/4761"}],"wp:featuredmedia":[{"embeddable":true,"href":"https:\/\/feels.rs\/index.php?rest_route=\/wp\/v2\/media\/4286"}],"wp:attachment":[{"href":"https:\/\/feels.rs\/index.php?rest_route=%2Fwp%2Fv2%2Fmedia&parent=4274"}],"wp:term":[{"taxonomy":"product_cat","embeddable":true,"href":"https:\/\/feels.rs\/index.php?rest_route=%2Fwp%2Fv2%2Fproduct_cat&post=4274"},{"taxonomy":"product_tag","embeddable":true,"href":"https:\/\/feels.rs\/index.php?rest_route=%2Fwp%2Fv2%2Fproduct_tag&post=4274"}],"curies":[{"name":"wp","href":"https:\/\/api.w.org\/{rel}","templated":true}]}}