{"id":4747,"date":"2020-07-27T05:00:05","date_gmt":"2020-07-27T03:00:05","guid":{"rendered":"http:\/\/localhost\/wsb\/feelspa.rs\/?post_type=product&#038;p=4747"},"modified":"2020-08-15T23:21:32","modified_gmt":"2020-08-15T21:21:32","slug":"argan-source-hair-wash-32-ml","status":"publish","type":"product","link":"https:\/\/feels.rs\/?product=argan-source-hair-wash-32-ml","title":{"rendered":"Argan Source Hair Wash 32 ml"},"content":{"rendered":"","protected":false},"excerpt":{"rendered":"<p>Proizvod je brenda Allegrini. Allegrini je renomirani italijanski brend specijalizovan za proizvodnju prirodne hotelske kozmetike i ambijentalnih osve\u017eiva\u010da za prostorije visokog kvaliteta. Iza njega stoji 75 godina ekspertize u proizvodnji proizvoda vrhunskog kvaliteta baziranih na prirodnim aktivnim supstancama. Brend je zastupljen na 3 kontinenta u preko 50 zemalja i preko 300.000 objekata. Jedan je od tri vode\u0107a brenda u Evropi u proizvodnji hotelske kozmetike i ambijentalnih osve\u017eiva\u010da. Allegrini kompanija godi\u0161nje proizvede vi\u0161e od 85 miliona boca kozmetike i ambijentalnih osve\u017eiva\u010da. Proizvodnja Allegrini proizvoda u potpunosti je u skladu sa na\u010delima odr\u017eivog razvoja u bazira se na primeni jedinstvenog Allegrini \u201cGO GREEN\u201d projekta. Allegrini je dobitnik nagrade za uspe\u0161nu implementaciju ISO22716 standarda za dobru poslovnu praksu i kori\u0161\u0107enje 100% prirodnih supstanci u proizvodnji.<\/p>\n","protected":false},"featured_media":4749,"comment_status":"open","ping_status":"closed","template":"","meta":{"_mi_skip_tracking":false},"product_cat":[290,255],"product_tag":[],"acf":[],"_links":{"self":[{"href":"https:\/\/feels.rs\/index.php?rest_route=\/wp\/v2\/product\/4747"}],"collection":[{"href":"https:\/\/feels.rs\/index.php?rest_route=\/wp\/v2\/product"}],"about":[{"href":"https:\/\/feels.rs\/index.php?rest_route=\/wp\/v2\/types\/product"}],"replies":[{"embeddable":true,"href":"https:\/\/feels.rs\/index.php?rest_route=%2Fwp%2Fv2%2Fcomments&post=4747"}],"version-history":[{"count":2,"href":"https:\/\/feels.rs\/index.php?rest_route=\/wp\/v2\/product\/4747\/revisions"}],"predecessor-version":[{"id":4770,"href":"https:\/\/feels.rs\/index.php?rest_route=\/wp\/v2\/product\/4747\/revisions\/4770"}],"wp:featuredmedia":[{"embeddable":true,"href":"https:\/\/feels.rs\/index.php?rest_route=\/wp\/v2\/media\/4749"}],"wp:attachment":[{"href":"https:\/\/feels.rs\/index.php?rest_route=%2Fwp%2Fv2%2Fmedia&parent=4747"}],"wp:term":[{"taxonomy":"product_cat","embeddable":true,"href":"https:\/\/feels.rs\/index.php?rest_route=%2Fwp%2Fv2%2Fproduct_cat&post=4747"},{"taxonomy":"product_tag","embeddable":true,"href":"https:\/\/feels.rs\/index.php?rest_route=%2Fwp%2Fv2%2Fproduct_tag&post=4747"}],"curies":[{"name":"wp","href":"https:\/\/api.w.org\/{rel}","templated":true}]}}